{"id":6176,"date":"2012-09-03T12:16:38","date_gmt":"2012-09-03T10:16:38","guid":{"rendered":"http:\/\/www.kite.si\/kdo-smo\/splosni-pogoji-poslovanja\/"},"modified":"2018-01-08T15:23:13","modified_gmt":"2018-01-08T14:23:13","slug":"splosni-pogoji-poslovanja","status":"publish","type":"page","link":"https:\/\/www.kite.si\/en\/kdo-smo\/splosni-pogoji-poslovanja\/","title":{"rendered":"Splo\u0161ni pogoji poslovanja"},"content":{"rendered":"<div class=\"fusion-fullwidth fullwidth-box fusion-builder-row-1 nonhundred-percent-fullwidth non-hundred-percent-height-scrolling\" style=\"--awb-border-radius-top-left:0px;--awb-border-radius-top-right:0px;--awb-border-radius-bottom-right:0px;--awb-border-radius-bottom-left:0px;--awb-flex-wrap:wrap;\" ><div class=\"fusion-builder-row fusion-row\"><div class=\"fusion-layout-column fusion_builder_column fusion-builder-column-0 fusion_builder_column_1_1 1_1 fusion-one-full fusion-column-first fusion-column-last\" style=\"--awb-bg-size:cover;\"><div class=\"fusion-column-wrapper fusion-flex-column-wrapper-legacy\"><div class=\"fusion-text fusion-text-1\"><p style=\"text-align: justify;\">I. SPLO\u0160NA DOLO\u010cILA<br \/>\n1) Kiteskul \u0161ola kajtanja je blagovna znamka podjetja Bederfly d.o.o., Trata 4, 4220 \u0160kofja Loka.<\/p>\n<p style=\"text-align: justify;\">2) Splo\u0161ni pogoji Kiteskul \u0161ole kajtanja veljajo med Bederfly d.o.o. kot ponudnikom storitve (v nadaljevanju \u00bbponudnik\u00ab) in osebo, ki se prijavlja na te\u010daj kajtanja (v nadaljevanju \u00bbnaro\u010dnik\u00ab) ter veljajo za za\u010detne, nadaljevalne, individualne in freestyle te\u010daje kajtanja (v nadaljevanju \u00bbte\u010daj kajtanja\u00ab), ki jih organizira ponudnik.<\/p>\n<p style=\"text-align: justify;\">II. PRIJAVA<br \/>\n1) Naro\u010dnik se lahko prijavi na te\u010daj kajtanja osebno, telefonsko ali preko interneta.<br \/>\n2) V primeru prijave preko interneta naro\u010dnik sprejme te splo\u0161ne pogoje z izpolnitvijo prijavnega obrazca. V primeru osebne ali telefonske prijave se \u0161teje, da je naro\u010dnik sprejel dolo\u010dila teh splo\u0161nih pogojev poslovanja takrat, ko je osebno ali telefonsko naro\u010dil te\u010daj kajtanja.<br \/>\n3) Osebe mlaj\u0161e od 18 let se lahko na te\u010daj kajtanja prijavijo le ob predlo\u017eitvi posebnega pisnega dovoljenja star\u0161ev ali skrbnikov.<\/p>\n<p style=\"text-align: justify;\">III. VARSTVO PODATKOV<br \/>\n1) Naro\u010dnik s prijavo in pla\u010dilom pristaja na uporabo osebnih podatkov z namenom izvedbe te\u010daja kajtanja ter za namene tr\u017eenja, prodaje in obve\u0161\u010danja o ostalih ponudbah ponudnika ter njegovih poslovnih partnerjev. Ponudnik se zavezuje, da bo vse pridobljene osebne podatke o naro\u010dniku varoval v skladu z Zakonom o varstvu osebnih podatkov. Naro\u010dnik lahko od ponudnika kadarkoli zahteva, da le-ta prekine s tr\u017eenjem in obve\u0161\u010danjem o ostalih ponudbah.<\/p>\n<p style=\"text-align: justify;\">IV. SPLO\u0160NI PLA\u010cILNI POGOJI<br \/>\n1) Za rezervacijo mesta v te\u010daju kajtanja je potrebno takoj (najkasneje v roku 7 dni) po prijavi pla\u010dati akontacijo, ki zna\u0161a 30% cene te\u010daja kajtanja. S tem si naro\u010dnik zagotovi rezervacijo mesta v te\u010daju kajtanja. V primeru odpovedi s strani naro\u010dnika se akontacija ne povrne, vendar pa jo lahko naro\u010dnik v roku 1 leta izkoristi ob naslednji prijavi v te\u010daj kajtanja.<br \/>\n2) Preostali znesek je potrebno pla\u010dati najkasneje 7 dni pred za\u010detkom te\u010daja kajtanja.<br \/>\n3) Pla\u010dilo preostalega zneska se izvede v enkratnem znesku na podlagi izdanega ra\u010duna, na transakcijski ra\u010dun ponudnika ali v gotovini. Za pla\u010dilo se \u0161teje dan, ko ponudnik prejme preostalo pla\u010dilo; isto\u010dasno je tudi potrjena prijava. \u010ce naro\u010dnik ne poravna obveznosti v navedenem roku se prijava \u0161teje za brezpredmetno.<\/p>\n<p style=\"text-align: justify;\">V. CENE<br \/>\n1) V veljavi so cene, navedene v ceniku na internetni strani ponudnika.<br \/>\n2) V cenah za storitev je \u017ee vklju\u010den zakonsko dolo\u010den davek.<\/p>\n<p style=\"text-align: justify;\">VI. DOL\u017dNOSTI NARO\u010cNIKA<br \/>\nNaro\u010dnik je dol\u017ean skrbeti za svojo varnost, varnost ostalih udele\u017eencev te\u010daja kajtanja ter tretjih oseb, ki se nahajajo na kraju izvajanja te\u010daja kajtanja. Dol\u017ean je tudi skrbeti za opremo, ki se uporablja pri izvajanju te\u010daja kajtanja na na\u010din, kot mu ga dolo\u010di ponudnik ter upo\u0161tevati varnostna navodila in\u0161truktorjev kajtanja. K te\u010daju mora pristopiti v ustrezni psihofizi\u010dni kondiciji ter se tudi med samim izvajanjem te\u010daja vzdr\u017eati u\u017eivanja alkohola, drog ali drugih pomirjevalnih sredstev, pred za\u010detkom te\u010daja kajtanja pa poskrbeti za ustrezno zdravstveno in nezgodno zavarovanje.<\/p>\n<p style=\"text-align: justify;\">VII. RAVNANJE Z OPREMO<br \/>\n1) Za \u010das izvajanja te\u010daja kajtanja lahko da ponudnik naro\u010dniku v uporabo opremo. Naro\u010dnik se zavezuje, da bo opremo uporabljal v skladu z namenom uporabe in z njo ravnal skrbno, kot dober gospodar.<br \/>\n2) Naro\u010dnik ponudniku jam\u010di za morebitne po\u0161kodbe, ki so na opremi nastale v \u010dasu njegovega najema. Prav tako jam\u010di za po\u0161kodbe nastale zaradi tretje osebe, kot tudi za izgubo opreme (npr. kraja) v \u010dasu najema. Vse morebitne po\u0161kodbe ali izgubo\/krajo mora naro\u010dnik nemudoma sporo\u010diti ponudniku.<br \/>\n3) Stro\u0161ke popravil po\u0161kodb na opremi, ki so nastale zaradi malomarnega ravnanja naro\u010dnika ali zaradi neupo\u0161tevanja navodil in opozoril ponudnika krije naro\u010dnik.<\/p>\n<p style=\"text-align: justify;\">VIII. ODGOVORNOST NARO\u010cNIKA<br \/>\nNaro\u010dnik se udele\u017euje te\u010daja kajtanja na lastno odgovornost. Odgovoren je za vso nastalo \u0161kodo na sebi, izposojeni opremi ter tuji opremi in stvareh, prav tako pa tudi za \u0161kodo, povzro\u010deno tretjim osebam.<\/p>\n<p style=\"text-align: justify;\">IX. ODGOVORNOST PONUDNIKA<br \/>\nPonudnik se zavezuje, da bo naro\u010dniku zagotovil izvajanje te\u010daja kajtanja v skladu z opisom posameznega te\u010daja, kot je naveden na internetni strani ponudnika ter po programu, dolo\u010denem z mednarodnimi IKO standardi.<\/p>\n<p style=\"text-align: justify;\">X. NARO\u010cNIKOVA ODPOVED ALI SPREMEMBA STORITVE<br \/>\n1) Naro\u010dnik ima pravico do odpovedi te\u010daja kajtanja, vendar pa je dol\u017ean o tem pisno obvestiti ponudnika. Odpoved udele\u017ebe na te\u010daju kajtanja mora biti sporo\u010dena ponudniku najmanj 7 dni pred predvidenim terminom opravljanja te\u010daja kajtanja.<br \/>\n2) Ponudnik ima pravico zadr\u017eati akontacijo in s tem kriti administrativne in morebitne druge (prevozne, logisti\u010dne) stro\u0161ke, ki so nastali s prijavo in odpovedjo te\u010daja kajtanja.<br \/>\n3) V primeru, da je ponudnik o odpovedi obve\u0161\u010den manj kot 7 dni pred predvidenim za\u010detkom te\u010daja, lahko zara\u010duna storitev v 100% vrednosti.<br \/>\n4) Naro\u010dnik lahko na ponudnika naslovi pro\u0161njo za spremembo termina te\u010daja kajtanja. Ponudnik je spremembo dol\u017ean omogo\u010diti, v kolikor so v terminu \u0161e prosta mesta, sprememba pa ni povezana z nesorazmernimi stro\u0161ki ali dodatnimi te\u017eavami.<br \/>\n5) Naro\u010dnik lahko te\u010daj med njegovim trajanjem kadarkoli prekine s pisno izjavo o prekinitvi. V tem primeru mu ponudnik ni dol\u017ean ne delno ne v celoti povrniti pla\u010danega zneska.<br \/>\n6) Naro\u010dnik lahko brez dodatnih stro\u0161kov prenese te\u010daj kajtanja na tretjo osebo, za katero veljajo isti splo\u0161ni pogoji kot za naro\u010dnika.<\/p>\n<p style=\"text-align: justify;\">XI. ZAMUDA ALI NESODELOVANJE NARO\u010cNIKA PRI OPRAVLJANJU STORITVE<br \/>\nV primeru, da naro\u010dnik zamudi dogovorjeni termin za opravljanje te\u010daja kajtanja ali se v treh mesecih niti enkrat ne odzove vabilu na opravljanje te\u010daja kajtanja (velja v primeru enodnevnih te\u010dajev kajtanja) mu ponudnik ni dol\u017ean vrniti denarja pla\u010danega za storitev ter je lahko izbrisan iz seznama te\u010dajnikov \u0161ole kajtanja.<\/p>\n<p style=\"text-align: justify;\">XII. POMANJKANJE VETRA<br \/>\nPomanjkanje vetra ni razlog za odpoved te\u010daja kajtanja in ponudnik iz tega razloga naro\u010dniku ni dol\u017ean vra\u010dati denarja pla\u010danega za te\u010daj kajtanja, lahko pa mu ponudi nadomestni termin v obliki enodnevnih te\u010dajev kajtanja.<\/p>\n<p style=\"text-align: justify;\">XIII. REKLAMACIJE OZIROMA PRITO\u017dBE<br \/>\nNaro\u010dnik mora morebitne nepravilnosti oziroma pomanjkljivosti pri izvajanju te\u010daja kajtanja grajati takoj po njihovem nastanku. Opozorilo mora biti naslovljeno na in\u0161truktorja ali predstavnika ponudnika na samem kraju izvajanja te\u010daja. V primeru, da bi bila po vsebini sode\u010d reklamacija lahko re\u0161ena na kraju samem, naro\u010dnik pa ni grajal napake na kraju samem in o nepravilnosti ni obvestil zgoraj navedenih oseb, se \u0161teje, da se je naro\u010dnik strinjal s tako opravljeno storitvijo in je s tem izgubil pravico do vlaganja kasnej\u0161ih reklamacij z zahtevo po zni\u017eanju cene storitve oziroma pla\u010dilu \u0161kode.<\/p>\n<p style=\"text-align: justify;\">XIV. PONUDNIKOVA ODPOVED STORITVE<br \/>\n1) Ponudnik si pridr\u017euje pravico do popolne ali delne odpovedi dolo\u010denega termina te\u010daja kajtanja, \u010de pred ali med izvajanjem te\u010daja nastopijo izredne okoli\u0161\u010dine, ki jih ni bilo mogo\u010de pri\u010dakovati, odstraniti ali se jim izogniti, ter so razlog, da ponudnik storitve ne bi ponudil naro\u010dniku, \u010de bi zanje vedel. Enako velja tudi v primeru premajhnega \u0161tevila prijavljenih oseb na te\u010daj kajtanja v dolo\u010denem terminu. V takih primerih ima naro\u010dnik pravico, da se udele\u017ei te\u010daja v kak\u0161nem drugem terminu ali da zahteva povra\u010dilo celotnega pla\u010danega zneska.<br \/>\n2) Ponudnik ne prevzema odgovornosti za morebitne spremembe programa, ki bi lahko nastale zaradi nastopa vi\u0161je sile med potekom te\u010daja kajtanja. V teh primerih lahko ponudnik naro\u010dnikom zagotovi te\u010daj kajtanja v spremenjeni obliki, glede na obstoje\u010de mo\u017enosti.<\/p>\n<p style=\"text-align: justify;\">XV. INFORMACIJE<br \/>\n1) Informacije, ki jih naro\u010dnik dobi neposredno\/ustno od predstavnikov ponudnika ne zavezujejo bolj kot navedbe v programu. V primeru dvoma se \u0161teje za veljavno tista ponudba, ki je sestavljena v pisni obliki.<br \/>\n2) Navedbe v vremenskih tabelah so ve\u010dletno statisti\u010dno povpre\u010dje in slu\u017eijo zgolj kot<br \/>\norientacija naro\u010dniku, zato ponudnik ne odgovarja v primeru neskladja teh podatkov z<br \/>\ndejanskim stanjem.<\/p>\n<\/div><div class=\"fusion-clearfix\"><\/div><\/div><\/div><\/div><\/div>\n","protected":false},"excerpt":{"rendered":"","protected":false},"author":1,"featured_media":0,"parent":6171,"menu_order":3,"comment_status":"closed","ping_status":"closed","template":"","meta":{"footnotes":""},"class_list":["post-6176","page","type-page","status-publish","hentry"],"yoast_head":"<!-- This site is optimized with the Yoast SEO plugin v27.2 - https:\/\/yoast.com\/product\/yoast-seo-wordpress\/ -->\n<title>Splo\u0161ni pogoji poslovanja - KITESKUL - \u0160ola kajtanja<\/title>\n<meta name=\"robots\" content=\"index, follow, max-snippet:-1, max-image-preview:large, max-video-preview:-1\" \/>\n<link rel=\"canonical\" href=\"https:\/\/www.kite.si\/kdo-smo\/splosni-pogoji-poslovanja\/\" \/>\n<meta property=\"og:locale\" content=\"en_US\" \/>\n<meta property=\"og:type\" content=\"article\" \/>\n<meta property=\"og:title\" content=\"Splo\u0161ni pogoji poslovanja - KITESKUL - \u0160ola kajtanja\" \/>\n<meta property=\"og:url\" content=\"https:\/\/www.kite.si\/kdo-smo\/splosni-pogoji-poslovanja\/\" \/>\n<meta property=\"og:site_name\" content=\"KITESKUL - \u0160ola kajtanja\" \/>\n<meta property=\"article:publisher\" content=\"https:\/\/www.facebook.com\/Kiteskul\/\" \/>\n<meta property=\"article:modified_time\" content=\"2018-01-08T14:23:13+00:00\" \/>\n<meta name=\"twitter:label1\" content=\"Est. reading time\" \/>\n\t<meta name=\"twitter:data1\" content=\"7 minutes\" \/>\n<script type=\"application\/ld+json\" class=\"yoast-schema-graph\">{\"@context\":\"https:\/\/schema.org\",\"@graph\":[{\"@type\":\"WebPage\",\"@id\":\"https:\/\/www.kite.si\/kdo-smo\/splosni-pogoji-poslovanja\/\",\"url\":\"https:\/\/www.kite.si\/kdo-smo\/splosni-pogoji-poslovanja\/\",\"name\":\"Splo\u0161ni pogoji poslovanja - KITESKUL - \u0160ola kajtanja\",\"isPartOf\":{\"@id\":\"https:\/\/www.kite.si\/#website\"},\"datePublished\":\"2012-09-03T10:16:38+00:00\",\"dateModified\":\"2018-01-08T14:23:13+00:00\",\"breadcrumb\":{\"@id\":\"https:\/\/www.kite.si\/kdo-smo\/splosni-pogoji-poslovanja\/#breadcrumb\"},\"inLanguage\":\"en-US\",\"potentialAction\":[{\"@type\":\"ReadAction\",\"target\":[\"https:\/\/www.kite.si\/kdo-smo\/splosni-pogoji-poslovanja\/\"]}]},{\"@type\":\"BreadcrumbList\",\"@id\":\"https:\/\/www.kite.si\/kdo-smo\/splosni-pogoji-poslovanja\/#breadcrumb\",\"itemListElement\":[{\"@type\":\"ListItem\",\"position\":1,\"name\":\"Kdo smo\",\"item\":\"https:\/\/www.kite.si\/en\/kdo-smo\/\"},{\"@type\":\"ListItem\",\"position\":2,\"name\":\"Splo\u0161ni pogoji poslovanja\"}]},{\"@type\":\"WebSite\",\"@id\":\"https:\/\/www.kite.si\/#website\",\"url\":\"https:\/\/www.kite.si\/\",\"name\":\"\u0160ola kajtanja KITESKUL\",\"description\":\"Kite \u0161ola in potovanja\",\"publisher\":{\"@id\":\"https:\/\/www.kite.si\/#organization\"},\"potentialAction\":[{\"@type\":\"SearchAction\",\"target\":{\"@type\":\"EntryPoint\",\"urlTemplate\":\"https:\/\/www.kite.si\/?s={search_term_string}\"},\"query-input\":{\"@type\":\"PropertyValueSpecification\",\"valueRequired\":true,\"valueName\":\"search_term_string\"}}],\"inLanguage\":\"en-US\"},{\"@type\":\"Organization\",\"@id\":\"https:\/\/www.kite.si\/#organization\",\"name\":\"KITESKUL \u0161ola kajtanja\",\"url\":\"https:\/\/www.kite.si\/\",\"logo\":{\"@type\":\"ImageObject\",\"inLanguage\":\"en-US\",\"@id\":\"https:\/\/www.kite.si\/#\/schema\/logo\/image\/\",\"url\":\"https:\/\/www.kite.si\/wp-content\/uploads\/2013\/01\/mob_log-01.png\",\"contentUrl\":\"https:\/\/www.kite.si\/wp-content\/uploads\/2013\/01\/mob_log-01.png\",\"width\":95,\"height\":40,\"caption\":\"KITESKUL \u0161ola kajtanja\"},\"image\":{\"@id\":\"https:\/\/www.kite.si\/#\/schema\/logo\/image\/\"},\"sameAs\":[\"https:\/\/www.facebook.com\/Kiteskul\/\",\"https:\/\/x.com\/kiteskul\",\"https:\/\/www.instagram.com\/kiteskul\/\"]}]}<\/script>\n<!-- \/ Yoast SEO plugin. -->","yoast_head_json":{"title":"Splo\u0161ni pogoji poslovanja - KITESKUL - \u0160ola kajtanja","robots":{"index":"index","follow":"follow","max-snippet":"max-snippet:-1","max-image-preview":"max-image-preview:large","max-video-preview":"max-video-preview:-1"},"canonical":"https:\/\/www.kite.si\/kdo-smo\/splosni-pogoji-poslovanja\/","og_locale":"en_US","og_type":"article","og_title":"Splo\u0161ni pogoji poslovanja - KITESKUL - \u0160ola kajtanja","og_url":"https:\/\/www.kite.si\/kdo-smo\/splosni-pogoji-poslovanja\/","og_site_name":"KITESKUL - \u0160ola kajtanja","article_publisher":"https:\/\/www.facebook.com\/Kiteskul\/","article_modified_time":"2018-01-08T14:23:13+00:00","twitter_misc":{"Est. reading time":"7 minutes"},"schema":{"@context":"https:\/\/schema.org","@graph":[{"@type":"WebPage","@id":"https:\/\/www.kite.si\/kdo-smo\/splosni-pogoji-poslovanja\/","url":"https:\/\/www.kite.si\/kdo-smo\/splosni-pogoji-poslovanja\/","name":"Splo\u0161ni pogoji poslovanja - KITESKUL - \u0160ola kajtanja","isPartOf":{"@id":"https:\/\/www.kite.si\/#website"},"datePublished":"2012-09-03T10:16:38+00:00","dateModified":"2018-01-08T14:23:13+00:00","breadcrumb":{"@id":"https:\/\/www.kite.si\/kdo-smo\/splosni-pogoji-poslovanja\/#breadcrumb"},"inLanguage":"en-US","potentialAction":[{"@type":"ReadAction","target":["https:\/\/www.kite.si\/kdo-smo\/splosni-pogoji-poslovanja\/"]}]},{"@type":"BreadcrumbList","@id":"https:\/\/www.kite.si\/kdo-smo\/splosni-pogoji-poslovanja\/#breadcrumb","itemListElement":[{"@type":"ListItem","position":1,"name":"Kdo smo","item":"https:\/\/www.kite.si\/en\/kdo-smo\/"},{"@type":"ListItem","position":2,"name":"Splo\u0161ni pogoji poslovanja"}]},{"@type":"WebSite","@id":"https:\/\/www.kite.si\/#website","url":"https:\/\/www.kite.si\/","name":"\u0160ola kajtanja KITESKUL","description":"Kite \u0161ola in potovanja","publisher":{"@id":"https:\/\/www.kite.si\/#organization"},"potentialAction":[{"@type":"SearchAction","target":{"@type":"EntryPoint","urlTemplate":"https:\/\/www.kite.si\/?s={search_term_string}"},"query-input":{"@type":"PropertyValueSpecification","valueRequired":true,"valueName":"search_term_string"}}],"inLanguage":"en-US"},{"@type":"Organization","@id":"https:\/\/www.kite.si\/#organization","name":"KITESKUL \u0161ola kajtanja","url":"https:\/\/www.kite.si\/","logo":{"@type":"ImageObject","inLanguage":"en-US","@id":"https:\/\/www.kite.si\/#\/schema\/logo\/image\/","url":"https:\/\/www.kite.si\/wp-content\/uploads\/2013\/01\/mob_log-01.png","contentUrl":"https:\/\/www.kite.si\/wp-content\/uploads\/2013\/01\/mob_log-01.png","width":95,"height":40,"caption":"KITESKUL \u0161ola kajtanja"},"image":{"@id":"https:\/\/www.kite.si\/#\/schema\/logo\/image\/"},"sameAs":["https:\/\/www.facebook.com\/Kiteskul\/","https:\/\/x.com\/kiteskul","https:\/\/www.instagram.com\/kiteskul\/"]}]}},"_links":{"self":[{"href":"https:\/\/www.kite.si\/en\/wp-json\/wp\/v2\/pages\/6176","targetHints":{"allow":["GET"]}}],"collection":[{"href":"https:\/\/www.kite.si\/en\/wp-json\/wp\/v2\/pages"}],"about":[{"href":"https:\/\/www.kite.si\/en\/wp-json\/wp\/v2\/types\/page"}],"author":[{"embeddable":true,"href":"https:\/\/www.kite.si\/en\/wp-json\/wp\/v2\/users\/1"}],"replies":[{"embeddable":true,"href":"https:\/\/www.kite.si\/en\/wp-json\/wp\/v2\/comments?post=6176"}],"version-history":[{"count":1,"href":"https:\/\/www.kite.si\/en\/wp-json\/wp\/v2\/pages\/6176\/revisions"}],"predecessor-version":[{"id":6177,"href":"https:\/\/www.kite.si\/en\/wp-json\/wp\/v2\/pages\/6176\/revisions\/6177"}],"up":[{"embeddable":true,"href":"https:\/\/www.kite.si\/en\/wp-json\/wp\/v2\/pages\/6171"}],"wp:attachment":[{"href":"https:\/\/www.kite.si\/en\/wp-json\/wp\/v2\/media?parent=6176"}],"curies":[{"name":"wp","href":"https:\/\/api.w.org\/{rel}","templated":true}]}}