{"id":6171,"date":"2010-09-13T14:13:38","date_gmt":"2010-09-13T12:13:38","guid":{"rendered":"http:\/\/www.kite.si\/kdo-smo\/"},"modified":"2010-09-13T14:13:38","modified_gmt":"2010-09-13T12:13:38","slug":"kdo-smo","status":"publish","type":"page","link":"https:\/\/www.kite.si\/en\/kdo-smo\/","title":{"rendered":"Kdo smo"},"content":{"rendered":"","protected":false},"excerpt":{"rendered":"","protected":false},"author":1,"featured_media":0,"parent":0,"menu_order":3,"comment_status":"closed","ping_status":"closed","template":"","meta":{"footnotes":""},"class_list":["post-6171","page","type-page","status-publish","hentry"],"yoast_head":"<!-- This site is optimized with the Yoast SEO plugin v27.2 - https:\/\/yoast.com\/product\/yoast-seo-wordpress\/ -->\n<title>Ekipa - \u0160ola kajtanja, KITESKUL kiteboarding<\/title>\n<meta name=\"description\" content=\"Ekipo \u0161ole kajtanja KiteSkul, povezuje strast do vetra, morja in aktivnega pre\u017eivljanja prostega \u010dasa\" \/>\n<meta name=\"robots\" content=\"index, follow, max-snippet:-1, max-image-preview:large, max-video-preview:-1\" \/>\n<link rel=\"canonical\" href=\"https:\/\/www.kite.si\/en\/kdo-smo\/\" \/>\n<meta property=\"og:locale\" content=\"en_US\" \/>\n<meta property=\"og:type\" content=\"article\" \/>\n<meta property=\"og:title\" content=\"Ekipa - \u0160ola kajtanja, KITESKUL kiteboarding\" \/>\n<meta property=\"og:description\" content=\"Ekipo \u0161ole kajtanja KiteSkul, povezuje strast do vetra, morja in aktivnega pre\u017eivljanja prostega \u010dasa\" \/>\n<meta property=\"og:url\" content=\"https:\/\/www.kite.si\/en\/kdo-smo\/\" \/>\n<meta property=\"og:site_name\" content=\"KITESKUL - \u0160ola kajtanja\" \/>\n<meta property=\"article:publisher\" content=\"https:\/\/www.facebook.com\/Kiteskul\/\" \/>\n<script type=\"application\/ld+json\" class=\"yoast-schema-graph\">{\"@context\":\"https:\/\/schema.org\",\"@graph\":[{\"@type\":\"WebPage\",\"@id\":\"https:\/\/www.kite.si\/en\/kdo-smo\/\",\"url\":\"https:\/\/www.kite.si\/en\/kdo-smo\/\",\"name\":\"Ekipa - \u0160ola kajtanja, KITESKUL kiteboarding\",\"isPartOf\":{\"@id\":\"https:\/\/www.kite.si\/#website\"},\"datePublished\":\"2010-09-13T12:13:38+00:00\",\"description\":\"Ekipo \u0161ole kajtanja KiteSkul, povezuje strast do vetra, morja in aktivnega pre\u017eivljanja prostega \u010dasa\",\"inLanguage\":\"en-US\",\"potentialAction\":[{\"@type\":\"ReadAction\",\"target\":[\"https:\/\/www.kite.si\/en\/kdo-smo\/\"]}]},{\"@type\":\"WebSite\",\"@id\":\"https:\/\/www.kite.si\/#website\",\"url\":\"https:\/\/www.kite.si\/\",\"name\":\"\u0160ola kajtanja KITESKUL\",\"description\":\"Kite \u0161ola in potovanja\",\"publisher\":{\"@id\":\"https:\/\/www.kite.si\/#organization\"},\"potentialAction\":[{\"@type\":\"SearchAction\",\"target\":{\"@type\":\"EntryPoint\",\"urlTemplate\":\"https:\/\/www.kite.si\/?s={search_term_string}\"},\"query-input\":{\"@type\":\"PropertyValueSpecification\",\"valueRequired\":true,\"valueName\":\"search_term_string\"}}],\"inLanguage\":\"en-US\"},{\"@type\":\"Organization\",\"@id\":\"https:\/\/www.kite.si\/#organization\",\"name\":\"KITESKUL \u0161ola kajtanja\",\"url\":\"https:\/\/www.kite.si\/\",\"logo\":{\"@type\":\"ImageObject\",\"inLanguage\":\"en-US\",\"@id\":\"https:\/\/www.kite.si\/#\/schema\/logo\/image\/\",\"url\":\"https:\/\/www.kite.si\/wp-content\/uploads\/2013\/01\/mob_log-01.png\",\"contentUrl\":\"https:\/\/www.kite.si\/wp-content\/uploads\/2013\/01\/mob_log-01.png\",\"width\":95,\"height\":40,\"caption\":\"KITESKUL \u0161ola kajtanja\"},\"image\":{\"@id\":\"https:\/\/www.kite.si\/#\/schema\/logo\/image\/\"},\"sameAs\":[\"https:\/\/www.facebook.com\/Kiteskul\/\",\"https:\/\/x.com\/kiteskul\",\"https:\/\/www.instagram.com\/kiteskul\/\"]}]}<\/script>\n<!-- \/ Yoast SEO plugin. -->","yoast_head_json":{"title":"Ekipa - \u0160ola kajtanja, KITESKUL kiteboarding","description":"Ekipo \u0161ole kajtanja KiteSkul, povezuje strast do vetra, morja in aktivnega pre\u017eivljanja prostega \u010dasa","robots":{"index":"index","follow":"follow","max-snippet":"max-snippet:-1","max-image-preview":"max-image-preview:large","max-video-preview":"max-video-preview:-1"},"canonical":"https:\/\/www.kite.si\/en\/kdo-smo\/","og_locale":"en_US","og_type":"article","og_title":"Ekipa - \u0160ola kajtanja, KITESKUL kiteboarding","og_description":"Ekipo \u0161ole kajtanja KiteSkul, povezuje strast do vetra, morja in aktivnega pre\u017eivljanja prostega \u010dasa","og_url":"https:\/\/www.kite.si\/en\/kdo-smo\/","og_site_name":"KITESKUL - \u0160ola kajtanja","article_publisher":"https:\/\/www.facebook.com\/Kiteskul\/","schema":{"@context":"https:\/\/schema.org","@graph":[{"@type":"WebPage","@id":"https:\/\/www.kite.si\/en\/kdo-smo\/","url":"https:\/\/www.kite.si\/en\/kdo-smo\/","name":"Ekipa - \u0160ola kajtanja, KITESKUL kiteboarding","isPartOf":{"@id":"https:\/\/www.kite.si\/#website"},"datePublished":"2010-09-13T12:13:38+00:00","description":"Ekipo \u0161ole kajtanja KiteSkul, povezuje strast do vetra, morja in aktivnega pre\u017eivljanja prostega \u010dasa","inLanguage":"en-US","potentialAction":[{"@type":"ReadAction","target":["https:\/\/www.kite.si\/en\/kdo-smo\/"]}]},{"@type":"WebSite","@id":"https:\/\/www.kite.si\/#website","url":"https:\/\/www.kite.si\/","name":"\u0160ola kajtanja KITESKUL","description":"Kite \u0161ola in potovanja","publisher":{"@id":"https:\/\/www.kite.si\/#organization"},"potentialAction":[{"@type":"SearchAction","target":{"@type":"EntryPoint","urlTemplate":"https:\/\/www.kite.si\/?s={search_term_string}"},"query-input":{"@type":"PropertyValueSpecification","valueRequired":true,"valueName":"search_term_string"}}],"inLanguage":"en-US"},{"@type":"Organization","@id":"https:\/\/www.kite.si\/#organization","name":"KITESKUL \u0161ola kajtanja","url":"https:\/\/www.kite.si\/","logo":{"@type":"ImageObject","inLanguage":"en-US","@id":"https:\/\/www.kite.si\/#\/schema\/logo\/image\/","url":"https:\/\/www.kite.si\/wp-content\/uploads\/2013\/01\/mob_log-01.png","contentUrl":"https:\/\/www.kite.si\/wp-content\/uploads\/2013\/01\/mob_log-01.png","width":95,"height":40,"caption":"KITESKUL \u0161ola kajtanja"},"image":{"@id":"https:\/\/www.kite.si\/#\/schema\/logo\/image\/"},"sameAs":["https:\/\/www.facebook.com\/Kiteskul\/","https:\/\/x.com\/kiteskul","https:\/\/www.instagram.com\/kiteskul\/"]}]}},"_links":{"self":[{"href":"https:\/\/www.kite.si\/en\/wp-json\/wp\/v2\/pages\/6171","targetHints":{"allow":["GET"]}}],"collection":[{"href":"https:\/\/www.kite.si\/en\/wp-json\/wp\/v2\/pages"}],"about":[{"href":"https:\/\/www.kite.si\/en\/wp-json\/wp\/v2\/types\/page"}],"author":[{"embeddable":true,"href":"https:\/\/www.kite.si\/en\/wp-json\/wp\/v2\/users\/1"}],"replies":[{"embeddable":true,"href":"https:\/\/www.kite.si\/en\/wp-json\/wp\/v2\/comments?post=6171"}],"version-history":[{"count":0,"href":"https:\/\/www.kite.si\/en\/wp-json\/wp\/v2\/pages\/6171\/revisions"}],"wp:attachment":[{"href":"https:\/\/www.kite.si\/en\/wp-json\/wp\/v2\/media?parent=6171"}],"curies":[{"name":"wp","href":"https:\/\/api.w.org\/{rel}","templated":true}]}}