{"id":6168,"date":"2010-09-18T16:48:32","date_gmt":"2010-09-18T14:48:32","guid":{"rendered":"http:\/\/www.kite.si\/kite-potovanja\/"},"modified":"2018-01-16T16:55:02","modified_gmt":"2018-01-16T15:55:02","slug":"kite-trips","status":"publish","type":"page","link":"https:\/\/www.kite.si\/en\/kite-trips\/","title":{"rendered":"Destinations"},"content":{"rendered":"<p><div class=\"fusion-fullwidth fullwidth-box fusion-builder-row-1 nonhundred-percent-fullwidth non-hundred-percent-height-scrolling\" style=\"--awb-border-radius-top-left:0px;--awb-border-radius-top-right:0px;--awb-border-radius-bottom-right:0px;--awb-border-radius-bottom-left:0px;--awb-background-color:#8bcecf;--awb-flex-wrap:wrap;\" ><div class=\"fusion-builder-row fusion-row\"><div class=\"fusion-layout-column fusion_builder_column fusion-builder-column-0 fusion_builder_column_1_1 1_1 fusion-one-full fusion-column-first fusion-column-last\" style=\"--awb-bg-size:cover;\"><div class=\"fusion-column-wrapper fusion-flex-column-wrapper-legacy\"><div class=\"fusion-title title fusion-title-1 fusion-sep-none fusion-title-center fusion-title-text fusion-title-size-one\" style=\"--awb-margin-top:10px;--awb-margin-bottom:10px;--awb-margin-top-small:10px;--awb-margin-right-small:0px;--awb-margin-bottom-small:10px;--awb-margin-left-small:0px;\"><h1 class=\"fusion-title-heading title-heading-center fusion-responsive-typography-calculated\" style=\"margin:0;--fontSize:34;line-height:1.4;\"><h5 style=\"text-align: center;\">Kite Trips<\/h5><\/h1><\/div><div class=\"fusion-clearfix\"><\/div><\/div><\/div><\/div><\/div><div class=\"fusion-fullwidth fullwidth-box fusion-builder-row-2 nonhundred-percent-fullwidth non-hundred-percent-height-scrolling\" style=\"--awb-border-radius-top-left:0px;--awb-border-radius-top-right:0px;--awb-border-radius-bottom-right:0px;--awb-border-radius-bottom-left:0px;--awb-margin-top:10px;--awb-margin-bottom:10px;--awb-flex-wrap:wrap;\" ><div class=\"fusion-builder-row fusion-row\"><div class=\"fusion-layout-column fusion_builder_column fusion-builder-column-1 fusion_builder_column_1_3 1_3 fusion-one-third fusion-column-first\" style=\"--awb-bg-size:cover;width:33.333333333333%;width:calc(33.333333333333% - ( ( 0px + 0px ) * 0.33333333333333 ) );margin-right: 0px;\"><div class=\"fusion-column-wrapper fusion-flex-column-wrapper-legacy\"><div class=\"fusion-image-element in-legacy-container\" style=\"--awb-caption-title-font-family:var(--h2_typography-font-family);--awb-caption-title-font-weight:var(--h2_typography-font-weight);--awb-caption-title-font-style:var(--h2_typography-font-style);--awb-caption-title-size:var(--h2_typography-font-size);--awb-caption-title-transform:var(--h2_typography-text-transform);--awb-caption-title-line-height:var(--h2_typography-line-height);--awb-caption-title-letter-spacing:var(--h2_typography-letter-spacing);\"><span class=\" fusion-imageframe imageframe-none imageframe-1 hover-type-zoomin\"><a class=\"fusion-no-lightbox\" href=\"http:\/\/www.kite.si\/en\/portfolio-items\/kite-trip-to-morocco\/\" target=\"_self\"><img decoding=\"async\" alt=\"Kite potovanja, Maroko\" src=\"data:image\/gif;base64,R0lGODlhAQABAAAAACH5BAEKAAEALAAAAAABAAEAAAICTAEAOw==\" data-orig-src=\"http:\/\/www.kite.si\/wp-content\/uploads\/2018\/01\/marocco_home-01.jpg\" class=\"lazyload img-responsive\"\/><\/a><\/span><\/div><div class=\"fusion-clearfix\"><\/div><\/div><\/div><div class=\"fusion-layout-column fusion_builder_column fusion-builder-column-2 fusion_builder_column_1_3 1_3 fusion-one-third\" style=\"--awb-bg-size:cover;width:33.333333333333%;width:calc(33.333333333333% - ( ( 0px + 0px ) * 0.33333333333333 ) );margin-right: 0px;\"><div class=\"fusion-column-wrapper fusion-flex-column-wrapper-legacy\"><div class=\"fusion-image-element in-legacy-container\" style=\"--awb-caption-title-font-family:var(--h2_typography-font-family);--awb-caption-title-font-weight:var(--h2_typography-font-weight);--awb-caption-title-font-style:var(--h2_typography-font-style);--awb-caption-title-size:var(--h2_typography-font-size);--awb-caption-title-transform:var(--h2_typography-text-transform);--awb-caption-title-line-height:var(--h2_typography-line-height);--awb-caption-title-letter-spacing:var(--h2_typography-letter-spacing);\"><span class=\" fusion-imageframe imageframe-none imageframe-2 hover-type-zoomin\"><a class=\"fusion-no-lightbox\" href=\"http:\/\/www.kite.si\/en\/portfolio-items\/kite-trip-to-sardinia\/\" target=\"_self\"><img decoding=\"async\" alt=\"Kite potovanja, Sardinija\" src=\"data:image\/gif;base64,R0lGODlhAQABAAAAACH5BAEKAAEALAAAAAABAAEAAAICTAEAOw==\" data-orig-src=\"http:\/\/www.kite.si\/wp-content\/uploads\/2018\/01\/sardinia_home-01.jpg\" class=\"lazyload img-responsive\"\/><\/a><\/span><\/div><div class=\"fusion-clearfix\"><\/div><\/div><\/div><div class=\"fusion-layout-column fusion_builder_column fusion-builder-column-3 fusion_builder_column_1_3 1_3 fusion-one-third fusion-column-last\" style=\"--awb-bg-size:cover;width:33.333333333333%;width:calc(33.333333333333% - ( ( 0px + 0px ) * 0.33333333333333 ) );\"><div class=\"fusion-column-wrapper fusion-flex-column-wrapper-legacy\"><div class=\"fusion-image-element in-legacy-container\" style=\"--awb-caption-title-font-family:var(--h2_typography-font-family);--awb-caption-title-font-weight:var(--h2_typography-font-weight);--awb-caption-title-font-style:var(--h2_typography-font-style);--awb-caption-title-size:var(--h2_typography-font-size);--awb-caption-title-transform:var(--h2_typography-text-transform);--awb-caption-title-line-height:var(--h2_typography-line-height);--awb-caption-title-letter-spacing:var(--h2_typography-letter-spacing);\"><span class=\" fusion-imageframe imageframe-none imageframe-3 hover-type-zoomin\"><a class=\"fusion-no-lightbox\" href=\"http:\/\/www.kite.si\/en\/portfolio-items\/kite-trip-to-egypt\/\" target=\"_self\"><img decoding=\"async\" alt=\"Kite potovanja, Egipt\" src=\"data:image\/gif;base64,R0lGODlhAQABAAAAACH5BAEKAAEALAAAAAABAAEAAAICTAEAOw==\" data-orig-src=\"http:\/\/www.kite.si\/wp-content\/uploads\/2018\/01\/egypt_home-01.jpg\" class=\"lazyload img-responsive\"\/><\/a><\/span><\/div><div class=\"fusion-clearfix\"><\/div><\/div><\/div><div class=\"fusion-layout-column fusion_builder_column fusion-builder-column-4 fusion_builder_column_1_3 1_3 fusion-one-third fusion-column-first\" style=\"--awb-bg-size:cover;width:33.333333333333%;width:calc(33.333333333333% - ( ( 0px + 0px ) * 0.33333333333333 ) );margin-right: 0px;\"><div class=\"fusion-column-wrapper fusion-flex-column-wrapper-legacy\"><div class=\"fusion-image-element in-legacy-container\" style=\"--awb-caption-title-font-family:var(--h2_typography-font-family);--awb-caption-title-font-weight:var(--h2_typography-font-weight);--awb-caption-title-font-style:var(--h2_typography-font-style);--awb-caption-title-size:var(--h2_typography-font-size);--awb-caption-title-transform:var(--h2_typography-text-transform);--awb-caption-title-line-height:var(--h2_typography-line-height);--awb-caption-title-letter-spacing:var(--h2_typography-letter-spacing);\"><span class=\" fusion-imageframe imageframe-none imageframe-4 hover-type-zoomin\"><a class=\"fusion-no-lightbox\" href=\"http:\/\/www.kite.si\/en\/portfolio-items\/kite-trip-to-greece-lefkada\/\" target=\"_self\"><img decoding=\"async\" alt=\"Kite potovanja, Gr\u010dija\" src=\"data:image\/gif;base64,R0lGODlhAQABAAAAACH5BAEKAAEALAAAAAABAAEAAAICTAEAOw==\" data-orig-src=\"http:\/\/www.kite.si\/wp-content\/uploads\/2018\/01\/greece_home-01.jpg\" class=\"lazyload img-responsive\"\/><\/a><\/span><\/div><div class=\"fusion-clearfix\"><\/div><\/div><\/div><div class=\"fusion-layout-column fusion_builder_column fusion-builder-column-5 fusion_builder_column_1_3 1_3 fusion-one-third\" style=\"--awb-bg-size:cover;width:33.333333333333%;width:calc(33.333333333333% - ( ( 0px + 0px ) * 0.33333333333333 ) );margin-right: 0px;\"><div class=\"fusion-column-wrapper fusion-flex-column-wrapper-legacy\"><div class=\"fusion-image-element in-legacy-container\" style=\"--awb-caption-title-font-family:var(--h2_typography-font-family);--awb-caption-title-font-weight:var(--h2_typography-font-weight);--awb-caption-title-font-style:var(--h2_typography-font-style);--awb-caption-title-size:var(--h2_typography-font-size);--awb-caption-title-transform:var(--h2_typography-text-transform);--awb-caption-title-line-height:var(--h2_typography-line-height);--awb-caption-title-letter-spacing:var(--h2_typography-letter-spacing);\"><span class=\" fusion-imageframe imageframe-none imageframe-5 hover-type-zoomin\"><a class=\"fusion-no-lightbox\" href=\"http:\/\/www.kite.si\/en\/portfolio-items\/kiteboarding-in-croatia\/\" target=\"_self\"><img decoding=\"async\" alt=\"Kite potovanja, Neretva\" src=\"data:image\/gif;base64,R0lGODlhAQABAAAAACH5BAEKAAEALAAAAAABAAEAAAICTAEAOw==\" data-orig-src=\"http:\/\/www.kite.si\/wp-content\/uploads\/2018\/01\/croatia_home-01.jpg\" class=\"lazyload img-responsive\"\/><\/a><\/span><\/div><div class=\"fusion-clearfix\"><\/div><\/div><\/div><div class=\"fusion-layout-column fusion_builder_column fusion-builder-column-6 fusion_builder_column_1_3 1_3 fusion-one-third fusion-column-last\" style=\"--awb-bg-size:cover;width:33.333333333333%;width:calc(33.333333333333% - ( ( 0px + 0px ) * 0.33333333333333 ) );\"><div class=\"fusion-column-wrapper fusion-flex-column-wrapper-legacy\"><div class=\"fusion-image-element in-legacy-container\" style=\"--awb-caption-title-font-family:var(--h2_typography-font-family);--awb-caption-title-font-weight:var(--h2_typography-font-weight);--awb-caption-title-font-style:var(--h2_typography-font-style);--awb-caption-title-size:var(--h2_typography-font-size);--awb-caption-title-transform:var(--h2_typography-text-transform);--awb-caption-title-line-height:var(--h2_typography-line-height);--awb-caption-title-letter-spacing:var(--h2_typography-letter-spacing);\"><span class=\" fusion-imageframe imageframe-none imageframe-6 hover-type-zoomin\"><a class=\"fusion-no-lightbox\" href=\"http:\/\/www.kite.si\/en\/portfolio-items\/kite-trip-to-brazil\/\" target=\"_self\"><img decoding=\"async\" alt=\"Kite potovanja, Brazilija\" src=\"data:image\/gif;base64,R0lGODlhAQABAAAAACH5BAEKAAEALAAAAAABAAEAAAICTAEAOw==\" data-orig-src=\"http:\/\/www.kite.si\/wp-content\/uploads\/2018\/01\/brazil_home-01.jpg\" class=\"lazyload img-responsive\"\/><\/a><\/span><\/div><div class=\"fusion-clearfix\"><\/div><\/div><\/div><div class=\"fusion-layout-column fusion_builder_column fusion-builder-column-7 fusion_builder_column_1_3 1_3 fusion-one-third fusion-column-first\" style=\"--awb-bg-size:cover;width:33.333333333333%;width:calc(33.333333333333% - ( ( 0px ) * 0.33333333333333 ) );margin-right: 0px;\"><div class=\"fusion-column-wrapper fusion-flex-column-wrapper-legacy\"><div class=\"fusion-image-element in-legacy-container\" style=\"--awb-caption-title-font-family:var(--h2_typography-font-family);--awb-caption-title-font-weight:var(--h2_typography-font-weight);--awb-caption-title-font-style:var(--h2_typography-font-style);--awb-caption-title-size:var(--h2_typography-font-size);--awb-caption-title-transform:var(--h2_typography-text-transform);--awb-caption-title-line-height:var(--h2_typography-line-height);--awb-caption-title-letter-spacing:var(--h2_typography-letter-spacing);\"><span class=\" fusion-imageframe imageframe-none imageframe-7 hover-type-zoomin\"><a class=\"fusion-no-lightbox\" href=\"http:\/\/www.kite.si\/en\/portfolio-items\/kite-trip-to-sicily\/\" target=\"_self\"><img decoding=\"async\" alt=\"Kite potovanja. Sicilija\" src=\"data:image\/gif;base64,R0lGODlhAQABAAAAACH5BAEKAAEALAAAAAABAAEAAAICTAEAOw==\" data-orig-src=\"http:\/\/www.kite.si\/wp-content\/uploads\/2018\/01\/sicily_home-01.jpg\" class=\"lazyload img-responsive\"\/><\/a><\/span><\/div><div class=\"fusion-clearfix\"><\/div><\/div><\/div><\/div><\/div><\/p>\n","protected":false},"excerpt":{"rendered":"","protected":false},"author":1,"featured_media":0,"parent":0,"menu_order":2,"comment_status":"closed","ping_status":"closed","template":"100-width.php","meta":{"footnotes":""},"class_list":["post-6168","page","type-page","status-publish","hentry"],"yoast_head":"<!-- This site is optimized with the Yoast SEO plugin v27.2 - https:\/\/yoast.com\/product\/yoast-seo-wordpress\/ -->\n<title>Kite potovanja - \u0160ola kajtanja, KITESKUL kiteboarding, Kite \u0161ola<\/title>\n<meta name=\"description\" content=\"Kite potovanja, potujte v dru\u017ebi, kjer je kajtanje na prvem mestu. Kite potovanja za skupine. Kite potovanja, na najbolj\u0161e destinacije sveta.\" \/>\n<meta name=\"robots\" content=\"index, follow, max-snippet:-1, max-image-preview:large, max-video-preview:-1\" \/>\n<link rel=\"canonical\" href=\"https:\/\/www.kite.si\/kite-potovanja\/\" \/>\n<meta property=\"og:locale\" content=\"en_US\" \/>\n<meta property=\"og:type\" content=\"article\" \/>\n<meta property=\"og:title\" content=\"Kite potovanja - \u0160ola kajtanja, KITESKUL kiteboarding, Kite \u0161ola\" \/>\n<meta property=\"og:description\" content=\"Kite potovanja, potujte v dru\u017ebi, kjer je kajtanje na prvem mestu. Kite potovanja za skupine. Kite potovanja, na najbolj\u0161e destinacije sveta.\" \/>\n<meta property=\"og:url\" content=\"https:\/\/www.kite.si\/kite-potovanja\/\" \/>\n<meta property=\"og:site_name\" content=\"KITESKUL - \u0160ola kajtanja\" \/>\n<meta property=\"article:publisher\" content=\"https:\/\/www.facebook.com\/Kiteskul\/\" \/>\n<meta property=\"article:modified_time\" content=\"2018-01-16T15:55:02+00:00\" \/>\n<meta name=\"twitter:label1\" content=\"Est. reading time\" \/>\n\t<meta name=\"twitter:data1\" content=\"6 minutes\" \/>\n<script type=\"application\/ld+json\" class=\"yoast-schema-graph\">{\"@context\":\"https:\/\/schema.org\",\"@graph\":[{\"@type\":\"WebPage\",\"@id\":\"https:\/\/www.kite.si\/kite-potovanja\/\",\"url\":\"https:\/\/www.kite.si\/kite-potovanja\/\",\"name\":\"Kite potovanja - \u0160ola kajtanja, KITESKUL kiteboarding, Kite \u0161ola\",\"isPartOf\":{\"@id\":\"https:\/\/www.kite.si\/#website\"},\"datePublished\":\"2010-09-18T14:48:32+00:00\",\"dateModified\":\"2018-01-16T15:55:02+00:00\",\"description\":\"Kite potovanja, potujte v dru\u017ebi, kjer je kajtanje na prvem mestu. Kite potovanja za skupine. Kite potovanja, na najbolj\u0161e destinacije sveta.\",\"inLanguage\":\"en-US\",\"potentialAction\":[{\"@type\":\"ReadAction\",\"target\":[\"https:\/\/www.kite.si\/kite-potovanja\/\"]}]},{\"@type\":\"WebSite\",\"@id\":\"https:\/\/www.kite.si\/#website\",\"url\":\"https:\/\/www.kite.si\/\",\"name\":\"\u0160ola kajtanja KITESKUL\",\"description\":\"Kite \u0161ola in potovanja\",\"publisher\":{\"@id\":\"https:\/\/www.kite.si\/#organization\"},\"potentialAction\":[{\"@type\":\"SearchAction\",\"target\":{\"@type\":\"EntryPoint\",\"urlTemplate\":\"https:\/\/www.kite.si\/?s={search_term_string}\"},\"query-input\":{\"@type\":\"PropertyValueSpecification\",\"valueRequired\":true,\"valueName\":\"search_term_string\"}}],\"inLanguage\":\"en-US\"},{\"@type\":\"Organization\",\"@id\":\"https:\/\/www.kite.si\/#organization\",\"name\":\"KITESKUL \u0161ola kajtanja\",\"url\":\"https:\/\/www.kite.si\/\",\"logo\":{\"@type\":\"ImageObject\",\"inLanguage\":\"en-US\",\"@id\":\"https:\/\/www.kite.si\/#\/schema\/logo\/image\/\",\"url\":\"https:\/\/www.kite.si\/wp-content\/uploads\/2013\/01\/mob_log-01.png\",\"contentUrl\":\"https:\/\/www.kite.si\/wp-content\/uploads\/2013\/01\/mob_log-01.png\",\"width\":95,\"height\":40,\"caption\":\"KITESKUL \u0161ola kajtanja\"},\"image\":{\"@id\":\"https:\/\/www.kite.si\/#\/schema\/logo\/image\/\"},\"sameAs\":[\"https:\/\/www.facebook.com\/Kiteskul\/\",\"https:\/\/x.com\/kiteskul\",\"https:\/\/www.instagram.com\/kiteskul\/\"]}]}<\/script>\n<!-- \/ Yoast SEO plugin. -->","yoast_head_json":{"title":"Kite potovanja - \u0160ola kajtanja, KITESKUL kiteboarding, Kite \u0161ola","description":"Kite potovanja, potujte v dru\u017ebi, kjer je kajtanje na prvem mestu. Kite potovanja za skupine. Kite potovanja, na najbolj\u0161e destinacije sveta.","robots":{"index":"index","follow":"follow","max-snippet":"max-snippet:-1","max-image-preview":"max-image-preview:large","max-video-preview":"max-video-preview:-1"},"canonical":"https:\/\/www.kite.si\/kite-potovanja\/","og_locale":"en_US","og_type":"article","og_title":"Kite potovanja - \u0160ola kajtanja, KITESKUL kiteboarding, Kite \u0161ola","og_description":"Kite potovanja, potujte v dru\u017ebi, kjer je kajtanje na prvem mestu. Kite potovanja za skupine. Kite potovanja, na najbolj\u0161e destinacije sveta.","og_url":"https:\/\/www.kite.si\/kite-potovanja\/","og_site_name":"KITESKUL - \u0160ola kajtanja","article_publisher":"https:\/\/www.facebook.com\/Kiteskul\/","article_modified_time":"2018-01-16T15:55:02+00:00","twitter_misc":{"Est. reading time":"6 minutes"},"schema":{"@context":"https:\/\/schema.org","@graph":[{"@type":"WebPage","@id":"https:\/\/www.kite.si\/kite-potovanja\/","url":"https:\/\/www.kite.si\/kite-potovanja\/","name":"Kite potovanja - \u0160ola kajtanja, KITESKUL kiteboarding, Kite \u0161ola","isPartOf":{"@id":"https:\/\/www.kite.si\/#website"},"datePublished":"2010-09-18T14:48:32+00:00","dateModified":"2018-01-16T15:55:02+00:00","description":"Kite potovanja, potujte v dru\u017ebi, kjer je kajtanje na prvem mestu. Kite potovanja za skupine. Kite potovanja, na najbolj\u0161e destinacije sveta.","inLanguage":"en-US","potentialAction":[{"@type":"ReadAction","target":["https:\/\/www.kite.si\/kite-potovanja\/"]}]},{"@type":"WebSite","@id":"https:\/\/www.kite.si\/#website","url":"https:\/\/www.kite.si\/","name":"\u0160ola kajtanja KITESKUL","description":"Kite \u0161ola in potovanja","publisher":{"@id":"https:\/\/www.kite.si\/#organization"},"potentialAction":[{"@type":"SearchAction","target":{"@type":"EntryPoint","urlTemplate":"https:\/\/www.kite.si\/?s={search_term_string}"},"query-input":{"@type":"PropertyValueSpecification","valueRequired":true,"valueName":"search_term_string"}}],"inLanguage":"en-US"},{"@type":"Organization","@id":"https:\/\/www.kite.si\/#organization","name":"KITESKUL \u0161ola kajtanja","url":"https:\/\/www.kite.si\/","logo":{"@type":"ImageObject","inLanguage":"en-US","@id":"https:\/\/www.kite.si\/#\/schema\/logo\/image\/","url":"https:\/\/www.kite.si\/wp-content\/uploads\/2013\/01\/mob_log-01.png","contentUrl":"https:\/\/www.kite.si\/wp-content\/uploads\/2013\/01\/mob_log-01.png","width":95,"height":40,"caption":"KITESKUL \u0161ola kajtanja"},"image":{"@id":"https:\/\/www.kite.si\/#\/schema\/logo\/image\/"},"sameAs":["https:\/\/www.facebook.com\/Kiteskul\/","https:\/\/x.com\/kiteskul","https:\/\/www.instagram.com\/kiteskul\/"]}]}},"_links":{"self":[{"href":"https:\/\/www.kite.si\/en\/wp-json\/wp\/v2\/pages\/6168","targetHints":{"allow":["GET"]}}],"collection":[{"href":"https:\/\/www.kite.si\/en\/wp-json\/wp\/v2\/pages"}],"about":[{"href":"https:\/\/www.kite.si\/en\/wp-json\/wp\/v2\/types\/page"}],"author":[{"embeddable":true,"href":"https:\/\/www.kite.si\/en\/wp-json\/wp\/v2\/users\/1"}],"replies":[{"embeddable":true,"href":"https:\/\/www.kite.si\/en\/wp-json\/wp\/v2\/comments?post=6168"}],"version-history":[{"count":4,"href":"https:\/\/www.kite.si\/en\/wp-json\/wp\/v2\/pages\/6168\/revisions"}],"predecessor-version":[{"id":6463,"href":"https:\/\/www.kite.si\/en\/wp-json\/wp\/v2\/pages\/6168\/revisions\/6463"}],"wp:attachment":[{"href":"https:\/\/www.kite.si\/en\/wp-json\/wp\/v2\/media?parent=6168"}],"curies":[{"name":"wp","href":"https:\/\/api.w.org\/{rel}","templated":true}]}}