{"id":6164,"date":"2010-09-28T12:20:18","date_gmt":"2010-09-28T12:20:18","guid":{"rendered":"http:\/\/www.kite.si\/kite-sola\/"},"modified":"2018-01-16T14:42:25","modified_gmt":"2018-01-16T13:42:25","slug":"kite-school","status":"publish","type":"page","link":"https:\/\/www.kite.si\/en\/kite-school\/","title":{"rendered":"Kite school"},"content":{"rendered":"<p><div class=\"fusion-fullwidth fullwidth-box fusion-builder-row-1 nonhundred-percent-fullwidth non-hundred-percent-height-scrolling\" style=\"--awb-border-radius-top-left:0px;--awb-border-radius-top-right:0px;--awb-border-radius-bottom-right:0px;--awb-border-radius-bottom-left:0px;--awb-margin-bottom:20px;--awb-background-color:#007288;--awb-flex-wrap:wrap;\" ><div class=\"fusion-builder-row fusion-row\"><div class=\"fusion-layout-column fusion_builder_column fusion-builder-column-0 fusion_builder_column_1_1 1_1 fusion-one-full fusion-column-first fusion-column-last\" style=\"--awb-bg-size:cover;\"><div class=\"fusion-column-wrapper fusion-flex-column-wrapper-legacy\"><div class=\"fusion-title title fusion-title-1 fusion-sep-none fusion-title-center fusion-title-text fusion-title-size-five\" style=\"--awb-margin-top-small:10px;--awb-margin-right-small:0px;--awb-margin-bottom-small:10px;--awb-margin-left-small:0px;\"><h5 class=\"fusion-title-heading title-heading-center fusion-responsive-typography-calculated\" style=\"margin:0;--fontSize:15;--minFontSize:15;line-height:1.4;\">Kite courses<\/h5><\/div><div class=\"fusion-clearfix\"><\/div><\/div><\/div><\/div><\/div><div class=\"fusion-fullwidth fullwidth-box fusion-builder-row-2 nonhundred-percent-fullwidth non-hundred-percent-height-scrolling\" style=\"--awb-border-radius-top-left:0px;--awb-border-radius-top-right:0px;--awb-border-radius-bottom-right:0px;--awb-border-radius-bottom-left:0px;--awb-margin-top:20px;--awb-margin-bottom:0px;--awb-flex-wrap:wrap;\" ><div class=\"fusion-builder-row fusion-row\"><div class=\"fusion-layout-column fusion_builder_column fusion-builder-column-1 fusion_builder_column_1_1 1_1 fusion-one-full fusion-column-first fusion-column-last\" style=\"--awb-bg-size:cover;\"><div class=\"fusion-column-wrapper fusion-flex-column-wrapper-legacy\"><div class=\"fusion-content-boxes content-boxes columns row fusion-columns-4 fusion-columns-total-4 fusion-content-boxes-1 content-boxes-icon-on-top content-left\" style=\"--awb-hover-accent-color:#8bcecf;--awb-circle-hover-accent-color:#8bcecf;\" data-animationOffset=\"top-into-view\"><div style=\"--awb-backgroundcolor:rgba(255,255,255,0);\" class=\"fusion-column content-box-column content-box-column content-box-column-1 col-lg-3 col-md-3 col-sm-3 fusion-content-box-hover content-box-column-first-in-row\"><div class=\"col content-box-wrapper content-wrapper link-area-box link-type-text icon-hover-animation-fade\" data-link=\"http:\/\/www.kite.si\/portfolio-items\/spoznavni-tecaj-kajtanja\/\" data-link-target=\"_self\" data-animationOffset=\"top-into-view\"><div class=\"heading heading-with-icon icon-left\"><a class=\"heading-link\" href=\"http:\/\/www.kite.si\/portfolio-items\/spoznavni-tecaj-kajtanja\/\" target=\"_self\"><div aria-hidden=\"true\" class=\"image\"><img decoding=\"async\" class=\"lazyload\" src=\"data:image\/svg+xml,%3Csvg%20xmlns%3D%27http%3A%2F%2Fwww.w3.org%2F2000%2Fsvg%27%20width%3D%2785%27%20height%3D%2785%27%20viewBox%3D%270%200%2085%2085%27%3E%3Crect%20width%3D%2785%27%20height%3D%2785%27%20fill-opacity%3D%220%22%2F%3E%3C%2Fsvg%3E\" data-orig-src=\"http:\/\/www.kite.si\/wp-content\/uploads\/2017\/12\/ikonce_tecaji_spoznavni-01-01.png\" width=\"85\" height=\"85\" alt=\"\" \/><\/div><h2 class=\"content-box-heading fusion-responsive-typography-calculated\" style=\"--h2_typography-font-size:18px;--fontSize:18;line-height:1.5;\">Demo Course<\/h2><\/a><\/div><div class=\"fusion-clearfix\"><\/div><div class=\"content-container\">\n<p>Get to know the basics of kiteboarding!<\/p>\n<\/div><\/div><\/div><div style=\"--awb-backgroundcolor:rgba(255,255,255,0);\" class=\"fusion-column content-box-column content-box-column content-box-column-2 col-lg-3 col-md-3 col-sm-3 fusion-content-box-hover \"><div class=\"col content-box-wrapper content-wrapper link-area-box link-type-text icon-hover-animation-fade\" data-link=\"http:\/\/www.kite.si\/portfolio-items\/zacetni-tecaj-kajtanja\/\" data-link-target=\"_self\" data-animationOffset=\"top-into-view\"><div class=\"heading heading-with-icon icon-left\"><a class=\"heading-link\" href=\"http:\/\/www.kite.si\/portfolio-items\/zacetni-tecaj-kajtanja\/\" target=\"_self\"><div aria-hidden=\"true\" class=\"image\"><img decoding=\"async\" class=\"lazyload\" src=\"data:image\/svg+xml,%3Csvg%20xmlns%3D%27http%3A%2F%2Fwww.w3.org%2F2000%2Fsvg%27%20width%3D%2785%27%20height%3D%2785%27%20viewBox%3D%270%200%2085%2085%27%3E%3Crect%20width%3D%2785%27%20height%3D%2785%27%20fill-opacity%3D%220%22%2F%3E%3C%2Fsvg%3E\" data-orig-src=\"http:\/\/www.kite.si\/wp-content\/uploads\/2017\/12\/ikonce_tecaji_zacetni-02.png\" width=\"85\" height=\"85\" alt=\"\" \/><\/div><h2 class=\"content-box-heading fusion-responsive-typography-calculated\" style=\"--h2_typography-font-size:18px;--fontSize:18;line-height:1.5;\">Beginners Course<\/h2><\/a><\/div><div class=\"fusion-clearfix\"><\/div><div class=\"content-container\">\n<p>Enter the real world of kiteboarding!<\/p>\n<\/div><\/div><\/div><div style=\"--awb-backgroundcolor:rgba(255,255,255,0);\" class=\"fusion-column content-box-column content-box-column content-box-column-3 col-lg-3 col-md-3 col-sm-3 fusion-content-box-hover \"><div class=\"col content-box-wrapper content-wrapper link-area-box link-type-text icon-hover-animation-fade\" data-link=\"http:\/\/www.kite.si\/portfolio-items\/nadaljevalni-tecaj-kajtanja\/\" data-link-target=\"_self\" data-animationOffset=\"top-into-view\"><div class=\"heading heading-with-icon icon-left\"><a class=\"heading-link\" href=\"http:\/\/www.kite.si\/portfolio-items\/nadaljevalni-tecaj-kajtanja\/\" target=\"_self\"><div aria-hidden=\"true\" class=\"image\"><img decoding=\"async\" class=\"lazyload\" src=\"data:image\/svg+xml,%3Csvg%20xmlns%3D%27http%3A%2F%2Fwww.w3.org%2F2000%2Fsvg%27%20width%3D%2785%27%20height%3D%2785%27%20viewBox%3D%270%200%2085%2085%27%3E%3Crect%20width%3D%2785%27%20height%3D%2785%27%20fill-opacity%3D%220%22%2F%3E%3C%2Fsvg%3E\" data-orig-src=\"http:\/\/www.kite.si\/wp-content\/uploads\/2017\/12\/ikonce_tecaji_nadaljevalni-03.png\" width=\"85\" height=\"85\" alt=\"\" \/><\/div><h2 class=\"content-box-heading fusion-responsive-typography-calculated\" style=\"--h2_typography-font-size:18px;--fontSize:18;line-height:1.5;\">Intermediate Course<\/h2><\/a><\/div><div class=\"fusion-clearfix\"><\/div><div class=\"content-container\">\n<p>Refresh, upgrade and enjoy yourself without worries!<\/p>\n<\/div><\/div><\/div><div style=\"--awb-backgroundcolor:rgba(255,255,255,0);\" class=\"fusion-column content-box-column content-box-column content-box-column-4 col-lg-3 col-md-3 col-sm-3 fusion-content-box-hover content-box-column-last content-box-column-last-in-row\"><div class=\"col content-box-wrapper content-wrapper link-area-box link-type-text icon-hover-animation-fade\" data-link=\"http:\/\/www.kite.si\/portfolio-items\/napredni-tecaj-kajtanja\/\" data-link-target=\"_self\" data-animationOffset=\"top-into-view\"><div class=\"heading heading-with-icon icon-left\"><a class=\"heading-link\" href=\"http:\/\/www.kite.si\/portfolio-items\/napredni-tecaj-kajtanja\/\" target=\"_self\"><div aria-hidden=\"true\" class=\"image\"><img decoding=\"async\" class=\"lazyload\" src=\"data:image\/svg+xml,%3Csvg%20xmlns%3D%27http%3A%2F%2Fwww.w3.org%2F2000%2Fsvg%27%20width%3D%2785%27%20height%3D%2785%27%20viewBox%3D%270%200%2085%2085%27%3E%3Crect%20width%3D%2785%27%20height%3D%2785%27%20fill-opacity%3D%220%22%2F%3E%3C%2Fsvg%3E\" data-orig-src=\"http:\/\/www.kite.si\/wp-content\/uploads\/2017\/12\/ikonce_tecaji_napredni-04.png\" width=\"85\" height=\"85\" alt=\"\" \/><\/div><h2 class=\"content-box-heading fusion-responsive-typography-calculated\" style=\"--h2_typography-font-size:18px;--fontSize:18;line-height:1.5;\">Advanced Course<\/h2><\/a><\/div><div class=\"fusion-clearfix\"><\/div><div class=\"content-container\">\n<p>Set a goal and achieve it!<\/p>\n<\/div><\/div><\/div><div class=\"fusion-clearfix\"><\/div><\/div><div class=\"fusion-clearfix\"><\/div><\/div><\/div><\/div><\/div><\/p>\n","protected":false},"excerpt":{"rendered":"","protected":false},"author":1,"featured_media":0,"parent":0,"menu_order":1,"comment_status":"closed","ping_status":"closed","template":"","meta":{"footnotes":""},"class_list":["post-6164","page","type-page","status-publish","hentry"],"yoast_head":"<!-- This site is optimized with the Yoast SEO plugin v27.2 - https:\/\/yoast.com\/product\/yoast-seo-wordpress\/ -->\n<title>Kite \u0161ola - \u0160ola kajtanja, KITESKUL kiteboarding, Kite potovanja<\/title>\n<meta name=\"description\" content=\"Kite \u0161ola z dolgoletno tradicijo. Najbol\u0161a kite \u0161ola. Nau\u010dite se kajtanja hitro, varno in u\u010dinkovito. Kite \u0161ola, ki razume va\u0161e potrebe.\" \/>\n<meta name=\"robots\" content=\"index, follow, max-snippet:-1, max-image-preview:large, max-video-preview:-1\" \/>\n<link rel=\"canonical\" href=\"https:\/\/www.kite.si\/kite-sola\/\" \/>\n<meta property=\"og:locale\" content=\"en_US\" \/>\n<meta property=\"og:type\" content=\"article\" \/>\n<meta property=\"og:title\" content=\"Kite \u0161ola - \u0160ola kajtanja, KITESKUL kiteboarding, Kite potovanja\" \/>\n<meta property=\"og:description\" content=\"Kite \u0161ola z dolgoletno tradicijo. Najbol\u0161a kite \u0161ola. Nau\u010dite se kajtanja hitro, varno in u\u010dinkovito. Kite \u0161ola, ki razume va\u0161e potrebe.\" \/>\n<meta property=\"og:url\" content=\"https:\/\/www.kite.si\/kite-sola\/\" \/>\n<meta property=\"og:site_name\" content=\"KITESKUL - \u0160ola kajtanja\" \/>\n<meta property=\"article:publisher\" content=\"https:\/\/www.facebook.com\/Kiteskul\/\" \/>\n<meta property=\"article:modified_time\" content=\"2018-01-16T13:42:25+00:00\" \/>\n<meta name=\"twitter:label1\" content=\"Est. reading time\" \/>\n\t<meta name=\"twitter:data1\" content=\"3 minutes\" \/>\n<script type=\"application\/ld+json\" class=\"yoast-schema-graph\">{\"@context\":\"https:\/\/schema.org\",\"@graph\":[{\"@type\":\"WebPage\",\"@id\":\"https:\/\/www.kite.si\/kite-sola\/\",\"url\":\"https:\/\/www.kite.si\/kite-sola\/\",\"name\":\"Kite \u0161ola - \u0160ola kajtanja, KITESKUL kiteboarding, Kite potovanja\",\"isPartOf\":{\"@id\":\"https:\/\/www.kite.si\/#website\"},\"datePublished\":\"2010-09-28T12:20:18+00:00\",\"dateModified\":\"2018-01-16T13:42:25+00:00\",\"description\":\"Kite \u0161ola z dolgoletno tradicijo. Najbol\u0161a kite \u0161ola. Nau\u010dite se kajtanja hitro, varno in u\u010dinkovito. Kite \u0161ola, ki razume va\u0161e potrebe.\",\"inLanguage\":\"en-US\",\"potentialAction\":[{\"@type\":\"ReadAction\",\"target\":[\"https:\/\/www.kite.si\/kite-sola\/\"]}]},{\"@type\":\"WebSite\",\"@id\":\"https:\/\/www.kite.si\/#website\",\"url\":\"https:\/\/www.kite.si\/\",\"name\":\"\u0160ola kajtanja KITESKUL\",\"description\":\"Kite \u0161ola in potovanja\",\"publisher\":{\"@id\":\"https:\/\/www.kite.si\/#organization\"},\"potentialAction\":[{\"@type\":\"SearchAction\",\"target\":{\"@type\":\"EntryPoint\",\"urlTemplate\":\"https:\/\/www.kite.si\/?s={search_term_string}\"},\"query-input\":{\"@type\":\"PropertyValueSpecification\",\"valueRequired\":true,\"valueName\":\"search_term_string\"}}],\"inLanguage\":\"en-US\"},{\"@type\":\"Organization\",\"@id\":\"https:\/\/www.kite.si\/#organization\",\"name\":\"KITESKUL \u0161ola kajtanja\",\"url\":\"https:\/\/www.kite.si\/\",\"logo\":{\"@type\":\"ImageObject\",\"inLanguage\":\"en-US\",\"@id\":\"https:\/\/www.kite.si\/#\/schema\/logo\/image\/\",\"url\":\"https:\/\/www.kite.si\/wp-content\/uploads\/2013\/01\/mob_log-01.png\",\"contentUrl\":\"https:\/\/www.kite.si\/wp-content\/uploads\/2013\/01\/mob_log-01.png\",\"width\":95,\"height\":40,\"caption\":\"KITESKUL \u0161ola kajtanja\"},\"image\":{\"@id\":\"https:\/\/www.kite.si\/#\/schema\/logo\/image\/\"},\"sameAs\":[\"https:\/\/www.facebook.com\/Kiteskul\/\",\"https:\/\/x.com\/kiteskul\",\"https:\/\/www.instagram.com\/kiteskul\/\"]}]}<\/script>\n<!-- \/ Yoast SEO plugin. -->","yoast_head_json":{"title":"Kite \u0161ola - \u0160ola kajtanja, KITESKUL kiteboarding, Kite potovanja","description":"Kite \u0161ola z dolgoletno tradicijo. Najbol\u0161a kite \u0161ola. Nau\u010dite se kajtanja hitro, varno in u\u010dinkovito. Kite \u0161ola, ki razume va\u0161e potrebe.","robots":{"index":"index","follow":"follow","max-snippet":"max-snippet:-1","max-image-preview":"max-image-preview:large","max-video-preview":"max-video-preview:-1"},"canonical":"https:\/\/www.kite.si\/kite-sola\/","og_locale":"en_US","og_type":"article","og_title":"Kite \u0161ola - \u0160ola kajtanja, KITESKUL kiteboarding, Kite potovanja","og_description":"Kite \u0161ola z dolgoletno tradicijo. Najbol\u0161a kite \u0161ola. Nau\u010dite se kajtanja hitro, varno in u\u010dinkovito. Kite \u0161ola, ki razume va\u0161e potrebe.","og_url":"https:\/\/www.kite.si\/kite-sola\/","og_site_name":"KITESKUL - \u0160ola kajtanja","article_publisher":"https:\/\/www.facebook.com\/Kiteskul\/","article_modified_time":"2018-01-16T13:42:25+00:00","twitter_misc":{"Est. reading time":"3 minutes"},"schema":{"@context":"https:\/\/schema.org","@graph":[{"@type":"WebPage","@id":"https:\/\/www.kite.si\/kite-sola\/","url":"https:\/\/www.kite.si\/kite-sola\/","name":"Kite \u0161ola - \u0160ola kajtanja, KITESKUL kiteboarding, Kite potovanja","isPartOf":{"@id":"https:\/\/www.kite.si\/#website"},"datePublished":"2010-09-28T12:20:18+00:00","dateModified":"2018-01-16T13:42:25+00:00","description":"Kite \u0161ola z dolgoletno tradicijo. Najbol\u0161a kite \u0161ola. Nau\u010dite se kajtanja hitro, varno in u\u010dinkovito. Kite \u0161ola, ki razume va\u0161e potrebe.","inLanguage":"en-US","potentialAction":[{"@type":"ReadAction","target":["https:\/\/www.kite.si\/kite-sola\/"]}]},{"@type":"WebSite","@id":"https:\/\/www.kite.si\/#website","url":"https:\/\/www.kite.si\/","name":"\u0160ola kajtanja KITESKUL","description":"Kite \u0161ola in potovanja","publisher":{"@id":"https:\/\/www.kite.si\/#organization"},"potentialAction":[{"@type":"SearchAction","target":{"@type":"EntryPoint","urlTemplate":"https:\/\/www.kite.si\/?s={search_term_string}"},"query-input":{"@type":"PropertyValueSpecification","valueRequired":true,"valueName":"search_term_string"}}],"inLanguage":"en-US"},{"@type":"Organization","@id":"https:\/\/www.kite.si\/#organization","name":"KITESKUL \u0161ola kajtanja","url":"https:\/\/www.kite.si\/","logo":{"@type":"ImageObject","inLanguage":"en-US","@id":"https:\/\/www.kite.si\/#\/schema\/logo\/image\/","url":"https:\/\/www.kite.si\/wp-content\/uploads\/2013\/01\/mob_log-01.png","contentUrl":"https:\/\/www.kite.si\/wp-content\/uploads\/2013\/01\/mob_log-01.png","width":95,"height":40,"caption":"KITESKUL \u0161ola kajtanja"},"image":{"@id":"https:\/\/www.kite.si\/#\/schema\/logo\/image\/"},"sameAs":["https:\/\/www.facebook.com\/Kiteskul\/","https:\/\/x.com\/kiteskul","https:\/\/www.instagram.com\/kiteskul\/"]}]}},"_links":{"self":[{"href":"https:\/\/www.kite.si\/en\/wp-json\/wp\/v2\/pages\/6164","targetHints":{"allow":["GET"]}}],"collection":[{"href":"https:\/\/www.kite.si\/en\/wp-json\/wp\/v2\/pages"}],"about":[{"href":"https:\/\/www.kite.si\/en\/wp-json\/wp\/v2\/types\/page"}],"author":[{"embeddable":true,"href":"https:\/\/www.kite.si\/en\/wp-json\/wp\/v2\/users\/1"}],"replies":[{"embeddable":true,"href":"https:\/\/www.kite.si\/en\/wp-json\/wp\/v2\/comments?post=6164"}],"version-history":[{"count":6,"href":"https:\/\/www.kite.si\/en\/wp-json\/wp\/v2\/pages\/6164\/revisions"}],"predecessor-version":[{"id":6165,"href":"https:\/\/www.kite.si\/en\/wp-json\/wp\/v2\/pages\/6164\/revisions\/6165"}],"wp:attachment":[{"href":"https:\/\/www.kite.si\/en\/wp-json\/wp\/v2\/media?parent=6164"}],"curies":[{"name":"wp","href":"https:\/\/api.w.org\/{rel}","templated":true}]}}